{"id":547,"date":"2019-03-13T15:42:35","date_gmt":"2019-03-13T15:42:35","guid":{"rendered":"http:\/\/www.chatypodskali.cz\/?page_id=547"},"modified":"2024-02-26T08:53:34","modified_gmt":"2024-02-26T08:53:34","slug":"provozni-rad","status":"publish","type":"page","link":"https:\/\/www.chatypodskali.cz\/index.php\/provozni-rad\/","title":{"rendered":"Provozn\u00ed \u0159\u00e1d"},"content":{"rendered":"\n<p><strong>CHATY PODSKAL\u00cd<\/strong><\/p>\n\n\n\n<p><strong>PROVOZN\u00cd\n\u0158\u00c1D ARE\u00c1LU<\/strong><\/p>\n\n\n\n<p><em>Provozovna:<\/em> CHATY PODSKAL\u00cd<br>Volt\u00fd\u0159ov ev.\u010d. 198,&nbsp; 262 56 Klu\u010denice <\/p>\n\n\n\n<p><em>E-mail:<\/em> info@chatypodskali.cz <\/p>\n\n\n\n<p><em>Provozovatel:<\/em> STALEVORA Group, a.s.<br><em>Se s\u00eddlem<\/em>: Na Jezerce 1458\/14, 140 00 Praha 4 \u2013 Nusle <br><em>Koresponden\u010dn\u00ed adresa: <\/em>\u00a0\u00a0Klaudova 71, 261 01 P\u0159\u00edbram IV <\/p>\n\n\n\n<p><em>I\u010c:<\/em> 067 23 306 <\/p>\n\n\n\n<p><\/p>\n\n\n\n<p>V\u00e1\u017een\u00ed a mil\u00ed n\u00e1v\u0161t\u011bvn\u00edci, <\/p>\n\n\n\n<p>v\u00edt\u00e1me\nV\u00e1s v na\u0161em are\u00e1lu. Dovolte, abychom V\u00e1s sezn\u00e1mili s pravidly provozu. <\/p>\n\n\n\n<p>1. Objednatel je povinen uhradit celou \u010d\u00e1stku za pobyt nejpozd\u011bji 21 dn\u00ed p\u0159ed n\u00e1stupn\u00edm term\u00ednem. Pokud objednatel toto i p\u0159es v\u00fdzvu neu\u010din\u00ed m\u00e1 provozovatel pr\u00e1vo od uzav\u0159en\u00e9 objedn\u00e1vky bez n\u00e1hrady okam\u017eit\u011b odstoupit.<\/p>\n\n\n\n<p>2. Po p\u0159\u00edjezdu klient p\u0159edlo\u017e\u00ed provozovateli, pop\u0159. pracovn\u00edkovi recepce sv\u016fj platn\u00fd ob\u010dansk\u00fd pr\u016fkaz nebo cestovn\u00ed pas. Po zaznamen\u00e1n\u00ed \u00fadaj\u016f a slo\u017een\u00ed vratn\u00e9 kauce ve v\u00fd\u0161i 1.500,- K\u010d, bude klientovi p\u0159ed\u00e1na chata, v\u010detn\u011b p\u0159ed\u00e1vac\u00edho protokolu a zaps\u00e1n stav elektrom\u011bru. Klientovi budou p\u0159ed\u00e1ny kl\u00ed\u010de od chaty a bude ubytov\u00e1n. <\/p>\n\n\n\n<p>3. Klient u\u017e\u00edv\u00e1 chatu po dobu sjednanou dle potvrzen\u00e9 objedn\u00e1vky. Po\u017e\u00e1d\u00e1-li klient o prodlou\u017een\u00ed ubytov\u00e1n\u00ed, m\u016f\u017ee mu provozovatel nab\u00eddnout i jinou chatu ne\u017e tu, ve kter\u00e9 byl p\u016fvodn\u011b ubytov\u00e1n. V\u017edy v\u0161ak v&nbsp;n\u00e1vaznosti na objedn\u00e1vky ostatn\u00edch klient\u016f a dle obsazenosti are\u00e1lu. <\/p>\n\n\n\n<p>4. Pokud nebyl \u010das odjezdu v den ukon\u010den\u00ed pobytu p\u0159edem sjedn\u00e1n jinak, ukon\u010duje klient pobyt nejpozd\u011bji do 10:00 hodin posledn\u00edho dne pobytu a do t\u00e9to doby je povinen chatu uvolnit. Neu\u010din\u00ed-li tak, je provozovatel opr\u00e1vn\u011bn \u00fa\u010dtovat klientovi pobyt za dal\u0161\u00ed den dle cen\u00edku. Po dohod\u011b je mo\u017en\u00e9 za p\u0159\u00edplatek 250,- K\u010d pozd\u011bj\u0161\u00ed check-out ve smluven\u00e9m \u010dase.<\/p>\n\n\n\n<p>V\np\u0159\u00edpad\u011b, \u017ee provozovatel m\u00e1 tuto chatu ji\u017e rezervovanou a klient chatu\nneuvoln\u00ed, neuposlechne v\u00fdzvy \u010di nen\u00ed v are\u00e1lu p\u0159\u00edtomen, vyhrazuje si provozovatel\npr\u00e1vo za \u00fa\u010dasti t\u0159\u00ed\u010dlenn\u00e9 komise v\u011bci klienta sepsat a ulo\u017eit na bezpe\u010dn\u00e9m\nm\u00edst\u011b tak, aby chata mohla b\u00fdt uklizena a u\u017e\u00edv\u00e1na klientem, kter\u00fd si jej\nrezervoval. Z\u00e1rove\u0148 bude \u00faklid chaty na\u00fa\u010dtov\u00e1n dle cen\u00edku, a klient, kter\u00fd\nchatu neuvolnil je povinen toto uhradit. &nbsp;<\/p>\n\n\n\n<p>5. V den n\u00e1stupu na pobyt jsou chaty k dispozici od 16:00 hodin, nebude-li dohodnuto jinak. Za p\u0159\u00edplatek 250,- K\u010d je mo\u017en\u00fd d\u0159\u00edv\u011bj\u0161\u00ed check-in v dohodnut\u00e9m \u010dase. Pokud se klient bez uveden\u00ed d\u016fvodu neubytuje nejpozd\u011bji do 17:00 hodin nebo v dohodnut\u00fd \u010das, rezervace pozb\u00fdv\u00e1 platnosti a provozovatel are\u00e1lu m\u016f\u017ee obsadit chatu bez n\u00e1hrady. <\/p>\n\n\n\n<p>6. Za klenoty, pen\u00edze a jin\u00e9 cennosti provozovatel are\u00e1lu nezodpov\u00edd\u00e1. <\/p>\n\n\n\n<p>7. V p\u0159\u00edpad\u011b vzniku \u0161kody zp\u016fsoben\u00e9 zavin\u011bn\u00edm klienta, je provozovatel opr\u00e1vn\u011bn dom\u00e1hat se n\u00e1hrady za \u0161kodu, pop\u0159\u00edpad\u011b si ponechat kauci nebo jej\u00ed \u00fam\u011brnou \u010d\u00e1st, rovnaj\u00edc\u00ed se v\u00fd\u0161i \u0161kody zp\u016fsoben\u00e9 zavin\u011bn\u00edm klienta. Klient je povinen uhradit p\u0159\u00edpadnou \u0161kodu vzniklou v prostor\u00e1ch ur\u010den\u00fdch k&nbsp;ubytov\u00e1n\u00ed a to v pln\u00e9 v\u00fd\u0161i, v\u010detn\u011b n\u00e1hrady u\u0161l\u00e9ho zisku ve v\u00fd\u0161i platn\u00e9 ceny za ubytov\u00e1n\u00ed po celou dobu, po kterou budou prostory ur\u010den\u00e9 k ubytov\u00e1n\u00ed nebo \u010d\u00e1sti chat vy\u0159azeny z provozu. Tuto povinnost m\u00e1 klient i v p\u0159\u00edpad\u011b, \u017ee \u0161kodu zp\u016fsob\u00ed d\u011bti \u010di jin\u00e9 osoby ubytovan\u00e9 s&nbsp;klientem v&nbsp;chat\u011b. P\u0159i ztr\u00e1t\u011b kl\u00ed\u010d\u016f od chaty, \u010di jin\u00e9m zneu\u017eit\u00ed je klient povinen provozovateli zaplatit smluvn\u00ed pokutu ve v\u00fd\u0161i 2.000,- K\u010d. <\/p>\n\n\n\n<p>8. V pokoj\u00edch a v prostor\u00e1ch chatek nesm\u00ed klient bez souhlasu provozovatele are\u00e1lu p\u0159em\u00eds\u0165ovat za\u0159\u00edzen\u00ed, prov\u00e1d\u011bt jak\u00e9koliv z\u00e1sahy do elektrick\u00e9 s\u00edt\u011b nebo jin\u00fdch instalac\u00ed. <\/p>\n\n\n\n<p>9. V\u0161ichni klienti mus\u00ed db\u00e1t o \u010distotu, po\u0159\u00e1dek a dodr\u017eovat Z\u00c1KAZ KOU\u0158EN\u00cd ve v\u0161ech prostor\u00e1ch chat. P\u0159i n\u00e1stupu p\u0159eb\u00edraj\u00ed klienti invent\u00e1\u0159 chaty a jsou povinni zkontrolovat jeho \u00faplnost podle invent\u00e1rn\u00edho seznamu, kter\u00fd je v ka\u017ed\u00e9 chat\u011b. P\u0159i jeho ne\u00faplnosti mus\u00ed toto neprodlen\u011b nahl\u00e1sit provozovateli. Na pozd\u011bj\u0161\u00ed nahl\u00e1\u0161en\u00ed nebude br\u00e1n z\u0159etel. Za zp\u016fsoben\u00e9 \u0161kody a chyb\u011bj\u00edc\u00ed invent\u00e1\u0159 odpov\u00edd\u00e1 klient v pln\u00e9m rozsahu, a je povinen zp\u016fsobenou \u0161kodu dle cen uveden\u00fdch v invent\u00e1\u0159i na m\u00edst\u011b uhradit v pln\u00e9 v\u00fd\u0161i. Z\u00e1rove\u0148 mu bude vym\u011b\u0159ena pokuta dle stavu po\u0161kozen\u00ed, min. v\u0161ak 5.000,-K\u010d. <\/p>\n\n\n\n<p>10. Ve v\u0161ech prostor\u00e1ch chat a zvl\u00e1\u0161t\u011b v pokoj\u00edch nen\u00ed dovoleno klient\u016fm pou\u017e\u00edvat vlastn\u00ed elektrick\u00e9 spot\u0159ebi\u010de. Toto se net\u00fdk\u00e1 elektrick\u00fdch spot\u0159ebi\u010d\u016f slou\u017e\u00edc\u00edch k osobn\u00ed hygien\u011b (hol\u00edc\u00edch, p\u0159\u00edpadn\u011b mas\u00e1\u017en\u00edch strojk\u016f, vysou\u0161e\u010d\u016f vlas\u016f, apod.) a dob\u00edjec\u00edch za\u0159\u00edzen\u00ed (telefon\u016f, tablet\u016f, notebook\u016f, apod.). <\/p>\n\n\n\n<p>11. P\u0159ij\u00edm\u00e1n\u00ed n\u00e1v\u0161t\u011bv v chat\u00e1ch nebo are\u00e1lu je zak\u00e1z\u00e1no. Do are\u00e1lu maj\u00ed povolen vstup pouze ubytovan\u00ed. Poru\u0161en\u00ed tohoto z\u00e1kazu ve sv\u00e9m d\u016fsledku vede k okam\u017eit\u00e9mu ukon\u010den\u00ed pobytu klienta bez jak\u00e9koliv n\u00e1hrady.<\/p>\n\n\n\n<p>12. U\u017e\u00edv\u00e1n\u00ed chat a dal\u0161\u00edch prostor\u016f are\u00e1lu je povoleno pouze klient\u016fm, kte\u0159\u00ed nejsou bacilonosi\u010di nebo posti\u017eeni infek\u010dn\u00edmi nebo parazit\u00e1rn\u00edmi nemocemi, ani jim nebyl na\u0159\u00edzen zv\u00fd\u0161en\u00fd zdravotn\u00ed dozor nebo karant\u00e9na. <\/p>\n\n\n\n<p>13. Klient je povinen p\u0159i ka\u017ed\u00e9m opu\u0161t\u011bn\u00ed chaty zkontrolovat zda jsou uzav\u0159eny vodovodn\u00ed kohoutky, vypnut induk\u010dn\u00ed va\u0159i\u010d a rychlovarn\u00e1 konvice. Z\u00e1rove\u0148 je klient povinen zabezpe\u010dit chatu proti vniknut\u00ed t\u0159et\u00edch osob a p\u0159ed nenad\u00e1l\u00fdmi nep\u0159\u00edzniv\u00fdmi vlivy po\u010das\u00ed. Nedodr\u017e\u00ed-li klient tyto povinnosti je pln\u011b zodpov\u011bdn\u00fd za zp\u016fsoben\u00e9 \u0161kody a nese ve\u0161ker\u00e9 n\u00e1klady spojen\u00e9 s odstran\u011bn\u00edm vznikl\u00fdch \u0161kod na chat\u00e1ch a jejich vybaven\u00ed. <\/p>\n\n\n\n<p>14. V&nbsp;chat\u00e1ch je p\u0159\u00edsn\u011b zak\u00e1z\u00e1no kuch\u00e1n\u00ed ryb.<\/p>\n\n\n\n<p>15. Klient je povinen odpadky pravideln\u011b vyn\u00e1\u0161et do sb\u011brn\u00fdch n\u00e1dob (kontejner\u016f) na m\u00edstech k&nbsp;tomu ur\u010den\u00fdch. <\/p>\n\n\n\n<p>16. Z bezpe\u010dnostn\u00edch d\u016fvod\u016f nen\u00ed vhodn\u00e9 ponech\u00e1vat d\u011bti do 10-ti let bez dozoru dosp\u011bl\u00fdch v&nbsp;chat\u00e1ch a venkovn\u00edch prostor\u00e1ch cel\u00e9ho are\u00e1lu. <\/p>\n\n\n\n<p>17. Psi a jin\u00e1 zv\u00ed\u0159ata mohou b\u00fdt v chat\u00e1ch ubytov\u00e1na za p\u0159edpokladu, \u017ee majitel prok\u00e1\u017ee jejich nez\u00e1vadn\u00fd zdravotn\u00ed stav p\u0159edlo\u017een\u00edm o\u010dkovac\u00edho pr\u016fkazu. Cena za um\u00edst\u011bn\u00ed zv\u00ed\u0159at se \u00fa\u010dtuje podle platn\u00e9ho cen\u00edku. Majitel \u010di klient, kter\u00fd psa do are\u00e1lu p\u0159ivezl je v pln\u00e9m rozsahu zodpov\u011bdn\u00fd za \u0161kody zv\u00ed\u0159etem zp\u016fsoben\u00e9, dle bodu \u010d. 8 tohoto provozn\u00edho \u0159\u00e1du. <\/p>\n\n\n\n<p>18. Za ubytov\u00e1n\u00ed a dal\u0161\u00ed poskytnut\u00e9 slu\u017eby je klient povinen zaplatit dle podm\u00ednek uveden\u00fdch v&nbsp;cen\u00edku, nen\u00ed-li p\u0159edem sjedn\u00e1no jinak. \u00da\u010det je splatn\u00fd p\u0159i p\u0159edlo\u017een\u00ed. Na po\u017e\u00e1d\u00e1n\u00ed je mo\u017eno p\u0159edem vystavit fakturu za pron\u00e1jem chaty ( nap\u0159. \u010derp\u00e1n\u00ed fond\u016f FKSP).<\/p>\n\n\n\n<p>19. Spr\u00e1vce st\u0159ediska ur\u010d\u00ed m\u00edsto pro zaparkov\u00e1n\u00ed osobn\u00edho vozidla klienta na m\u00edstech, aby nebyla ohro\u017eov\u00e1na bezpe\u010dnost ostatn\u00edch n\u00e1v\u0161t\u011bvn\u00edk\u016f, v&nbsp;pat\u0159i\u010dn\u00e9 vzd\u00e1lenosti od m\u00edsta rozd\u011bl\u00e1v\u00e1n\u00ed oh\u0148\u016f a tak, aby neznemo\u017e\u0148oval v&nbsp;p\u0159\u00edpad\u011b nutnosti p\u0159\u00edjezd slo\u017eek IZS. Parkov\u00e1n\u00ed v are\u00e1lu je zpoplatn\u011bno dle cen\u00edku.<\/p>\n\n\n\n<p>20. Do prostoru st\u0159ediska je mo\u017en\u00e9 p\u0159ij\u00ed\u017ed\u011bt vozidly jen po p\u0159\u00edstupov\u00fdch cest\u00e1ch. Proj\u00ed\u017ed\u011bn\u00ed, pou\u017e\u00edv\u00e1n\u00ed sign\u00e1l\u016f (trouben\u00ed) a ponech\u00e1v\u00e1n\u00ed motoru v&nbsp;b\u011bhu nen\u00ed povoleno. Myt\u00ed vozidel je v&nbsp;are\u00e1lu p\u0159\u00edsn\u011b zak\u00e1z\u00e1no. P\u0159\u00edpadn\u00e9 opravy vozidel lze prov\u00e1d\u011bt jen na m\u00edst\u011b ur\u010den\u00e9m spr\u00e1vcem are\u00e1lu a po dohod\u011b. <\/p>\n\n\n\n<p>21. Klienti, stejn\u011b jako v\u0161ichni n\u00e1v\u0161t\u011bvn\u00edci, jsou povinni zach\u00e1zet s&nbsp;nejv\u011bt\u0161\u00ed opatrnost\u00ed s&nbsp;ohn\u011bm. Rozd\u011bl\u00e1v\u00e1n\u00ed oh\u0148\u016f v&nbsp;cel\u00e9m are\u00e1lu st\u0159ediska je povoleno pouze a v\u00fdhradn\u011b na m\u00edstech k&nbsp;tomu ur\u010den\u00fdch provozovatelem a spr\u00e1vcem are\u00e1lu. V&nbsp;lesn\u00edch prostor\u00e1ch je rozd\u011bl\u00e1v\u00e1n\u00ed oh\u0148\u016f p\u0159\u00edsn\u011b zak\u00e1z\u00e1no.<\/p>\n\n\n\n<p>22. Sn\u00eddan\u011b, ob\u011bdy nebo ve\u010de\u0159e nejsou nab\u00edzeny. <\/p>\n\n\n\n<p>23.  S ohledem na ostatn\u00ed klienty a individu\u00e1ln\u00ed odpo\u010dinek dodr\u017eujte no\u010dn\u00ed klid od 22:00 hodin do 07:00 hodin. <\/p>\n\n\n\n<p class=\"has-text-align-left\">24. Ve st\u0159edisku a v&nbsp;cel\u00e9m are\u00e1lu je nutn\u00e9 i b\u011bhem dne zachov\u00e1vat klid, neru\u0161it ostatn\u00ed klienty k\u0159ikem, hlu\u010dn\u00fdm zp\u011bvem, nadm\u011brn\u00fdm zesilov\u00e1n\u00edm reprodukovan\u00e9 hudby, apod. <\/p>\n\n\n\n<p>25.  St\u00ed\u017enosti a p\u0159\u00edpadn\u00e9 n\u00e1vrhy klient\u016f p\u0159ij\u00edm\u00e1 spr\u00e1vce are\u00e1lu. <\/p>\n\n\n\n<p>26.  Klient je povinen sezn\u00e1mit se a dodr\u017eovat ustanoven\u00ed tohoto ubytovac\u00edho \u0159\u00e1du. V p\u0159\u00edpad\u011b, \u017ee je poru\u0161\u00ed, m\u00e1 provozovatel pr\u00e1vo od smlouvy o poskytnut\u00ed ubytovac\u00ed slu\u017eby odstoupit p\u0159ed uplynut\u00edm sjednan\u00e9 doby bez n\u00e1hrady.  <\/p>\n\n\n\n<p>27. Odesl\u00e1n\u00edm objedn\u00e1vky v p\u00edsemn\u00e9 \u010di elektronick\u00e9 podob\u011b klient stvrzuje sezn\u00e1men\u00ed se s provozn\u00edm \u0159\u00e1dem a potvrzuje jeho dodr\u017eov\u00e1n\u00ed.  <\/p>\n\n\n\n<p>P\u0159ejeme p\u0159\u00edjemn\u00fd pobyt.<\/p>\n\n\n\n<p>V Praze dne 01. 11. 2021<\/p>\n\n\n\n<p>Tom\u00e1\u0161 Fiala<br>z\u00e1stupce provozovatele <\/p>\n ","protected":false},"excerpt":{"rendered":"<p>CHATY PODSKAL\u00cd PROVOZN\u00cd \u0158\u00c1D ARE\u00c1LU Provozovna: CHATY PODSKAL\u00cdVolt\u00fd\u0159ov ev.\u010d. 198,&nbsp; 262 56 Klu\u010denice E-mail: info@chatypodskali.cz Provozovatel: STALEVORA Group, a.s.Se s\u00eddlem: Na Jezerce 1458\/14, 140 00 Praha 4 \u2013 Nusle Koresponden\u010dn\u00ed adresa: \u00a0\u00a0Klaudova 71, 261 01 P\u0159\u00edbram IV I\u010c: 067 23 306 V\u00e1\u017een\u00ed a mil\u00ed n\u00e1v\u0161t\u011bvn\u00edci, v\u00edt\u00e1me V\u00e1s v na\u0161em are\u00e1lu&#8230;. <a class=\"continue-reading-link\" href=\"https:\/\/www.chatypodskali.cz\/index.php\/provozni-rad\/\">\u010c\u00edst d\u00e1le&#8230; <span class=\"meta-nav\">&rarr; <\/span><\/a><\/p>\n","protected":false},"author":3,"featured_media":0,"parent":0,"menu_order":7,"comment_status":"closed","ping_status":"closed","template":"","meta":{"footnotes":""},"class_list":["post-547","page","type-page","status-publish","hentry"],"_links":{"self":[{"href":"https:\/\/www.chatypodskali.cz\/index.php\/wp-json\/wp\/v2\/pages\/547","targetHints":{"allow":["GET"]}}],"collection":[{"href":"https:\/\/www.chatypodskali.cz\/index.php\/wp-json\/wp\/v2\/pages"}],"about":[{"href":"https:\/\/www.chatypodskali.cz\/index.php\/wp-json\/wp\/v2\/types\/page"}],"author":[{"embeddable":true,"href":"https:\/\/www.chatypodskali.cz\/index.php\/wp-json\/wp\/v2\/users\/3"}],"replies":[{"embeddable":true,"href":"https:\/\/www.chatypodskali.cz\/index.php\/wp-json\/wp\/v2\/comments?post=547"}],"version-history":[{"count":31,"href":"https:\/\/www.chatypodskali.cz\/index.php\/wp-json\/wp\/v2\/pages\/547\/revisions"}],"predecessor-version":[{"id":1306,"href":"https:\/\/www.chatypodskali.cz\/index.php\/wp-json\/wp\/v2\/pages\/547\/revisions\/1306"}],"wp:attachment":[{"href":"https:\/\/www.chatypodskali.cz\/index.php\/wp-json\/wp\/v2\/media?parent=547"}],"curies":[{"name":"wp","href":"https:\/\/api.w.org\/{rel}","templated":true}]}}