{"id":121,"date":"2019-02-27T09:42:07","date_gmt":"2019-02-27T09:42:07","guid":{"rendered":"http:\/\/www.chatypodskali.cz\/?page_id=121"},"modified":"2026-04-23T09:25:31","modified_gmt":"2026-04-23T09:25:31","slug":"rekreacni-areal","status":"publish","type":"page","link":"https:\/\/www.chatypodskali.cz\/","title":{"rendered":"Rekrea\u010dn\u00ed are\u00e1l Orlick\u00e1 p\u0159ehrada"},"content":{"rendered":"\n<p>Chaty Podskal\u00ed &#8211; Nov\u00fd Lipt\u00e1kov<\/p>\n\n\n\n<p>Nab\u00edz\u00edme klidn\u00e9 prost\u0159ed\u00ed pro rodinnou rekreaci v p\u0159\u00edrod\u011b daleko od stresu m\u011bsta. V\u00fdhodou na\u0161eho are\u00e1lu je prostornost a klidn\u00e9 prost\u0159ed\u00ed. Prakticky na dosah je hladina Orlick\u00e9 p\u0159ehrady, kter\u00e1 nab\u00edz\u00ed bohat\u00e9 sportovn\u00ed vy\u017eit\u00ed, cestov\u00e1n\u00ed parn\u00edkem po okoln\u00edch z\u00e1mc\u00edch a hradech, nap\u0159. Z\u00e1mek Orl\u00edk a Hrad Zv\u00edkov na soutoku Vltavy a Otavy.<\/p>\n\n\n\n<p>Samotn\u00fd rekrea\u010dn\u00ed are\u00e1l se nach\u00e1z\u00ed zhruba 90 km ji\u017en\u011b od Prahy a p\u0159ibli\u017en\u011b 35 km jihov\u00fdchodn\u011b od P\u0159\u00edbrami na hranici St\u0159edo\u010desk\u00e9ho a Jiho\u010desk\u00e9ho kraje ve vyhl\u00e1\u0161en\u00e9 rekrea\u010dn\u00ed oblasti Podskal\u00ed na Orlick\u00e9 p\u0159ehrad\u011b. P\u0159ibli\u017en\u011b 3 km od obce Klu\u010denice a minutu ch\u016fze k&nbsp;vod\u011b.<\/p>\n\n\n\n<p>N\u00e1\u0161 rekrea\u010dn\u00ed are\u00e1l zahrnuje celkem 6 chat, recepci, h\u0159i\u0161t\u011b na volejbal \u010di nohejbal, n\u011bkolik otev\u0159en\u00fdch ohni\u0161\u0165. U ka\u017ed\u00e9 chaty je mo\u017en\u00e9 si pronajmout parkovac\u00ed m\u00edsto. Kapacita na\u0161eho rekrea\u010dn\u00edho are\u00e1lu je a\u017e 30 l\u016f\u017eek v\u00a05 p\u0159\u00edzemn\u00edch chat\u00e1ch. Ve v\u0161ech prostor\u00e1ch chat je <strong>Z\u00c1KAZ KOU\u0158EN\u00cd<\/strong>.<\/p>\n\n\n\n<h4 class=\"wp-block-heading\">Mo\u017enosti sportovn\u00edch aktivit a v\u00fdlet\u016f v okol\u00ed:<\/h4>\n\n\n\n<ul class=\"wp-block-list\">\n<li>Volejbalov\u00e9 h\u0159i\u0161t\u011b v are\u00e1lu<\/li>\n\n\n\n<li>Tenisov\u00e9 kurty (60 m)<\/li>\n\n\n\n<li>H\u0159i\u0161t\u011b na ko\u0161\u00edkovou a h\u00e1zenou (60 m)<\/li>\n\n\n\n<li>Ryba\u0159en\u00ed v Orlick\u00e9 n\u00e1dr\u017ei<\/li>\n\n\n\n<li>P\u016fj\u010dovna plachetnic   <a href=\"http:\/\/ajetoyacht.cz\">&#8222;Ajetoyacht&#8220;\u00a0<\/a>   (Plachetnice\u00a0je\u00a0nutno\u00a0objedn\u00e1vat\u00a0s\u00a0\u010dasov\u00fdm\u00a0p\u0159edstihem kv\u016fli\u00a0velk\u00e9mu\u00a0z\u00e1jmu.)<\/li>\n\n\n\n<li>Z\u00e1\u017eitkov\u00fd park <a href=\"https:\/\/www.zemeraj.cz\">Zem\u011br\u00e1j<\/a> v Kov\u00e1\u0159ov\u011b (12 km)<\/li>\n\n\n\n<li><a href=\"https:\/\/www.cez.cz\/cs\/o-spolecnosti\/kontakty-skupina-cez\/informacni-centra\/ic-orlik.html\">P\u0159ehradn\u00ed hr\u00e1z Orl\u00edk<\/a>, mo\u017enost prohl\u00eddky (12 km)<\/li>\n\n\n\n<li><a href=\"https:\/\/www.zamekorlik.cz\/cs\/\">Z\u00e1mek Orl\u00edk<\/a>, mo\u017enost j\u00edzdy parn\u00edkem (14 km)<\/li>\n\n\n\n<li><a href=\"https:\/\/www.hrad-zvikov.cz\/cs\">Hrad Zv\u00edkov<\/a> nad soutokem \u0159ek Vltavy a Otavy, mo\u017enost j\u00edzdy parn\u00edkem (22 km)<\/li>\n\n\n\n<li>Bungeejumping na Zv\u00edkovsk\u00e9m Otavsk\u00e9m most\u011b (20 km)<\/li>\n\n\n\n<li>Sez\u00f3nn\u00ed lodn\u00ed <a href=\"https:\/\/www.lodnidopravaorlikslapy.cz\/orlik.html\">doprava parn\u00edkem<\/a> od 1. 7. do 31. 8.<\/li>\n<\/ul>\n\n\n\n<h4 class=\"wp-block-heading\">Mo\u017enost kempov\u00e1n\u00ed<\/h4>\n\n\n\n<p>Vhodn\u00e9 prostory k&nbsp;postaven\u00ed karavan\u016f a obytn\u00fdch voz\u016f, soci\u00e1ln\u00ed za\u0159\u00edzen\u00ed, WC, sprchy, elektrick\u00e1 p\u0159\u00edpojka a p\u0159ipojen\u00ed k vod\u011b (vzd\u00e1lenost 20 m).<\/p>\n ","protected":false},"excerpt":{"rendered":"<p>Chaty Podskal\u00ed &#8211; Nov\u00fd Lipt\u00e1kov Nab\u00edz\u00edme klidn\u00e9 prost\u0159ed\u00ed pro rodinnou rekreaci v p\u0159\u00edrod\u011b daleko od stresu m\u011bsta. V\u00fdhodou na\u0161eho are\u00e1lu je prostornost a klidn\u00e9 prost\u0159ed\u00ed. Prakticky na dosah je hladina Orlick\u00e9 p\u0159ehrady, kter\u00e1 nab\u00edz\u00ed bohat\u00e9 sportovn\u00ed vy\u017eit\u00ed, cestov\u00e1n\u00ed parn\u00edkem po okoln\u00edch z\u00e1mc\u00edch a hradech, nap\u0159. Z\u00e1mek Orl\u00edk a Hrad Zv\u00edkov&#8230; <a class=\"continue-reading-link\" href=\"https:\/\/www.chatypodskali.cz\/\">\u010c\u00edst d\u00e1le&#8230; <span class=\"meta-nav\">&rarr; <\/span><\/a><\/p>\n","protected":false},"author":3,"featured_media":0,"parent":0,"menu_order":0,"comment_status":"closed","ping_status":"closed","template":"","meta":{"footnotes":""},"class_list":["post-121","page","type-page","status-publish","hentry"],"_links":{"self":[{"href":"https:\/\/www.chatypodskali.cz\/index.php\/wp-json\/wp\/v2\/pages\/121","targetHints":{"allow":["GET"]}}],"collection":[{"href":"https:\/\/www.chatypodskali.cz\/index.php\/wp-json\/wp\/v2\/pages"}],"about":[{"href":"https:\/\/www.chatypodskali.cz\/index.php\/wp-json\/wp\/v2\/types\/page"}],"author":[{"embeddable":true,"href":"https:\/\/www.chatypodskali.cz\/index.php\/wp-json\/wp\/v2\/users\/3"}],"replies":[{"embeddable":true,"href":"https:\/\/www.chatypodskali.cz\/index.php\/wp-json\/wp\/v2\/comments?post=121"}],"version-history":[{"count":26,"href":"https:\/\/www.chatypodskali.cz\/index.php\/wp-json\/wp\/v2\/pages\/121\/revisions"}],"predecessor-version":[{"id":1439,"href":"https:\/\/www.chatypodskali.cz\/index.php\/wp-json\/wp\/v2\/pages\/121\/revisions\/1439"}],"wp:attachment":[{"href":"https:\/\/www.chatypodskali.cz\/index.php\/wp-json\/wp\/v2\/media?parent=121"}],"curies":[{"name":"wp","href":"https:\/\/api.w.org\/{rel}","templated":true}]}}